{"id":468,"date":"2018-04-25T10:56:01","date_gmt":"2018-04-25T08:56:01","guid":{"rendered":"http:\/\/www.iton-tech.com\/?page_id=468"},"modified":"2022-03-26T22:17:29","modified_gmt":"2022-03-26T21:17:29","slug":"it-recycling","status":"publish","type":"page","link":"https:\/\/www.iton-tech.com\/index.php\/it-recycling\/","title":{"rendered":"Microsoft Cloud"},"content":{"rendered":"<ul>\n<li>Projektowanie i budowa infrastruktury IT w chmurze Microsoft Azure<\/li>\n<li>Administracja i utrzymanie infrastruktury chmurowej Microsoft Azure<\/li>\n<li>Migracje z infrastruktury On-Premise do chmury Microsoft Azure<\/li>\n<li>Budowa rozwi\u0105za\u0144 hybrydowych (Hybrid Cloud)<\/li>\n<li>Implementacja proces\u00f3w Backup &amp; Disaster Recovery Plan (DRP)<\/li>\n<li>Budow\u0119 rozwi\u0105za\u0144 wysokiej dost\u0119pno\u015bci (HA &#8211; High Availability)<\/li>\n<li>Wdro\u017cenia monitoringu infrastruktury chmurowej Microsoft Azure<\/li>\n<\/ul>\n","protected":false},"excerpt":{"rendered":"<p>Projektowanie i budowa infrastruktury IT w chmurze Microsoft Azure Administracja i utrzymanie infrastruktury chmurowej Microsoft Azure Migracje z infrastruktury On-Premise do chmury Microsoft Azure Budowa rozwi\u0105za\u0144 hybrydowych (Hybrid Cloud) Implementacja proces\u00f3w Backup &amp; Disaster Recovery Plan (DRP) Budow\u0119 rozwi\u0105za\u0144 wysokiej dost\u0119pno\u015bci (HA &#8211; High Availability) Wdro\u017cenia monitoringu infrastruktury chmurowej Microsoft Azure<\/p>\n","protected":false},"author":1,"featured_media":0,"parent":0,"menu_order":0,"comment_status":"closed","ping_status":"closed","template":"","meta":{"_mi_skip_tracking":false},"_links":{"self":[{"href":"https:\/\/www.iton-tech.com\/index.php\/wp-json\/wp\/v2\/pages\/468"}],"collection":[{"href":"https:\/\/www.iton-tech.com\/index.php\/wp-json\/wp\/v2\/pages"}],"about":[{"href":"https:\/\/www.iton-tech.com\/index.php\/wp-json\/wp\/v2\/types\/page"}],"author":[{"embeddable":true,"href":"https:\/\/www.iton-tech.com\/index.php\/wp-json\/wp\/v2\/users\/1"}],"replies":[{"embeddable":true,"href":"https:\/\/www.iton-tech.com\/index.php\/wp-json\/wp\/v2\/comments?post=468"}],"version-history":[{"count":5,"href":"https:\/\/www.iton-tech.com\/index.php\/wp-json\/wp\/v2\/pages\/468\/revisions"}],"predecessor-version":[{"id":520,"href":"https:\/\/www.iton-tech.com\/index.php\/wp-json\/wp\/v2\/pages\/468\/revisions\/520"}],"wp:attachment":[{"href":"https:\/\/www.iton-tech.com\/index.php\/wp-json\/wp\/v2\/media?parent=468"}],"curies":[{"name":"wp","href":"https:\/\/api.w.org\/{rel}","templated":true}]}}