{"id":463,"date":"2018-04-08T14:25:21","date_gmt":"2018-04-08T12:25:21","guid":{"rendered":"http:\/\/www.iton-tech.com\/?page_id=463"},"modified":"2022-03-26T22:17:07","modified_gmt":"2022-03-26T21:17:07","slug":"infrastruktura-it","status":"publish","type":"page","link":"https:\/\/www.iton-tech.com\/index.php\/infrastruktura-it\/","title":{"rendered":"Infrastruktura IT"},"content":{"rendered":"<ul>\n<li>Budowa infrastruktury IT w oparciu o systemu Microsoft Windows Server<\/li>\n<li>Projektowanie i budowa infrastruktury stacji klienckich Windows<\/li>\n<li>Administracja i utrzymanie infrastruktury IT<\/li>\n<li>Implementacja proces\u00f3w Backup &amp; Disaster Recovery Plan (DRP)<\/li>\n<li>Budow\u0119 rozwi\u0105za\u0144 wysokiej dost\u0119pno\u015bci (HA &#8211; High Availability)<\/li>\n<li>Wdro\u017cenia monitoringu infrastruktury IT<\/li>\n<\/ul>\n","protected":false},"excerpt":{"rendered":"<p>Budowa infrastruktury IT w oparciu o systemu Microsoft Windows Server Projektowanie i budowa infrastruktury stacji klienckich Windows Administracja i utrzymanie infrastruktury IT Implementacja proces\u00f3w Backup &amp; Disaster Recovery Plan (DRP) Budow\u0119 rozwi\u0105za\u0144 wysokiej dost\u0119pno\u015bci (HA &#8211; High Availability) Wdro\u017cenia monitoringu infrastruktury IT<\/p>\n","protected":false},"author":1,"featured_media":0,"parent":0,"menu_order":0,"comment_status":"closed","ping_status":"closed","template":"","meta":{"_mi_skip_tracking":false},"_links":{"self":[{"href":"https:\/\/www.iton-tech.com\/index.php\/wp-json\/wp\/v2\/pages\/463"}],"collection":[{"href":"https:\/\/www.iton-tech.com\/index.php\/wp-json\/wp\/v2\/pages"}],"about":[{"href":"https:\/\/www.iton-tech.com\/index.php\/wp-json\/wp\/v2\/types\/page"}],"author":[{"embeddable":true,"href":"https:\/\/www.iton-tech.com\/index.php\/wp-json\/wp\/v2\/users\/1"}],"replies":[{"embeddable":true,"href":"https:\/\/www.iton-tech.com\/index.php\/wp-json\/wp\/v2\/comments?post=463"}],"version-history":[{"count":7,"href":"https:\/\/www.iton-tech.com\/index.php\/wp-json\/wp\/v2\/pages\/463\/revisions"}],"predecessor-version":[{"id":514,"href":"https:\/\/www.iton-tech.com\/index.php\/wp-json\/wp\/v2\/pages\/463\/revisions\/514"}],"wp:attachment":[{"href":"https:\/\/www.iton-tech.com\/index.php\/wp-json\/wp\/v2\/media?parent=463"}],"curies":[{"name":"wp","href":"https:\/\/api.w.org\/{rel}","templated":true}]}}